{"id":54119,"date":"2024-11-12T03:40:42","date_gmt":"2024-11-12T01:40:42","guid":{"rendered":"https:\/\/menomuza.lt\/?post_type=product&#038;p=54119"},"modified":"2026-03-17T17:15:51","modified_gmt":"2026-03-17T15:15:51","slug":"cleopatre-glue-stick-classic-cleostick-21g","status":"publish","type":"product","link":"https:\/\/menomuza.lt\/en\/product\/cleopatre-glue-stick-classic-cleostick-21g\/","title":{"rendered":"Cleopatre glue stick &#8220;Classic cleostick&#8221; 21g"},"content":{"rendered":"<p>Cl\u00e9ostick since 1970.Cl\u00e9op\u00e2tre was one of the first companies to manufacture the famous glue stick, as far back as the early 1970s. It was manufactured in Tours until 2003, and is now subcontracted under the permanent control of our technicians. The glue stick, less effective than a liquid glue is nevertheless more practical<\/p>\n<p>Use<br \/>\nChildren can glue paper from as early as 6 years of age. It is perfect for intensive usage with its formula adapted to avoid the glue being crushed. It will easily find a place in every child\u2019s pencil case!<br \/>\n\u2022 Hard paste glue stick<br \/>\n\u2022 Does not crush<br \/>\n\u2022 Does not stain<br \/>\n\u00a0<br \/>\nSafety and environmental standards<br \/>\n\u2022 100% Solvent Free<br \/>\n\u2022 Formaldehyde Free<br \/>\n\u2022 Water-based<br \/>\n\u2022 71-3 standard<\/p>\n","protected":false},"excerpt":{"rendered":"<p>Cl\u00e9ostick since 1970.Cl\u00e9op\u00e2tre was one of the first companies to manufacture the famous glue stick, as far back as the early 1970s. It was manufactured in Tours until 2003, and is now subcontracted under the permanent control of our technicians. The glue stick, less effective than a liquid glue is nevertheless more practical Use Children [&hellip;]<\/p>\n","protected":false},"featured_media":8624,"template":"","meta":[],"product_brand":[],"product_cat":[3976,3992],"product_tag":[],"class_list":{"0":"post-54119","1":"product","2":"type-product","3":"status-publish","4":"has-post-thumbnail","6":"brand-cleopatre","7":"product_cat-school-and-office-products","8":"product_cat-glue","10":"first","11":"instock","12":"taxable","13":"shipping-taxable","14":"purchasable","15":"product-type-simple"},"_links":{"self":[{"href":"https:\/\/menomuza.lt\/en\/wp-json\/wp\/v2\/product\/54119","targetHints":{"allow":["GET"]}}],"collection":[{"href":"https:\/\/menomuza.lt\/en\/wp-json\/wp\/v2\/product"}],"about":[{"href":"https:\/\/menomuza.lt\/en\/wp-json\/wp\/v2\/types\/product"}],"wp:featuredmedia":[{"embeddable":true,"href":"https:\/\/menomuza.lt\/en\/wp-json\/wp\/v2\/media\/8624"}],"wp:attachment":[{"href":"https:\/\/menomuza.lt\/en\/wp-json\/wp\/v2\/media?parent=54119"}],"wp:term":[{"taxonomy":"product_brand","embeddable":true,"href":"https:\/\/menomuza.lt\/en\/wp-json\/wp\/v2\/product_brand?post=54119"},{"taxonomy":"product_cat","embeddable":true,"href":"https:\/\/menomuza.lt\/en\/wp-json\/wp\/v2\/product_cat?post=54119"},{"taxonomy":"product_tag","embeddable":true,"href":"https:\/\/menomuza.lt\/en\/wp-json\/wp\/v2\/product_tag?post=54119"}],"curies":[{"name":"wp","href":"https:\/\/api.w.org\/{rel}","templated":true}]}}