{"id":60267,"date":"2024-11-12T03:37:19","date_gmt":"2024-11-12T01:37:19","guid":{"rendered":"https:\/\/menomuza.lt\/?post_type=product&#038;p=60267"},"modified":"2024-11-12T06:38:29","modified_gmt":"2024-11-12T04:38:29","slug":"krosnys-keramikams-uzsakymams","status":"publish","type":"product","link":"https:\/\/menomuza.lt\/en\/product\/krosnys-keramikams-uzsakymams\/","title":{"rendered":"Krosnys keramikams u\u017esakymams"},"content":{"rendered":"<p>Atsipra\u0161ome, \u0161iuo metu laikinai nebeturime sand\u0117lyje.<br \/>\nRa\u0161ykite el. pa\u0161tu\u00a0 info@menomuza.lt<\/p>\n","protected":false},"excerpt":{"rendered":"<p>Atsipra\u0161ome, \u0161iuo metu laikinai nebeturime sand\u0117lyje. Ra\u0161ykite el. pa\u0161tu\u00a0 info@menomuza.lt<\/p>\n","protected":false},"featured_media":3308,"template":"","meta":[],"product_brand":[],"product_cat":[3801,3879],"product_tag":[],"class_list":{"0":"post-60267","1":"product","2":"type-product","3":"status-publish","4":"has-post-thumbnail","6":"brand-amaco","7":"product_cat-keramikams-ir-skulptoriams","8":"product_cat-krosnys-keramikams","10":"first","11":"outofstock","12":"taxable","13":"shipping-taxable","14":"purchasable","15":"product-type-simple"},"_links":{"self":[{"href":"https:\/\/menomuza.lt\/en\/wp-json\/wp\/v2\/product\/60267","targetHints":{"allow":["GET"]}}],"collection":[{"href":"https:\/\/menomuza.lt\/en\/wp-json\/wp\/v2\/product"}],"about":[{"href":"https:\/\/menomuza.lt\/en\/wp-json\/wp\/v2\/types\/product"}],"wp:featuredmedia":[{"embeddable":true,"href":"https:\/\/menomuza.lt\/en\/wp-json\/wp\/v2\/media\/3308"}],"wp:attachment":[{"href":"https:\/\/menomuza.lt\/en\/wp-json\/wp\/v2\/media?parent=60267"}],"wp:term":[{"taxonomy":"product_brand","embeddable":true,"href":"https:\/\/menomuza.lt\/en\/wp-json\/wp\/v2\/product_brand?post=60267"},{"taxonomy":"product_cat","embeddable":true,"href":"https:\/\/menomuza.lt\/en\/wp-json\/wp\/v2\/product_cat?post=60267"},{"taxonomy":"product_tag","embeddable":true,"href":"https:\/\/menomuza.lt\/en\/wp-json\/wp\/v2\/product_tag?post=60267"}],"curies":[{"name":"wp","href":"https:\/\/api.w.org\/{rel}","templated":true}]}}