{"id":66354,"date":"2024-11-19T00:02:31","date_gmt":"2024-11-18T22:02:31","guid":{"rendered":"https:\/\/menomuza.lt\/?post_type=product&#038;p=66354"},"modified":"2024-11-19T07:56:41","modified_gmt":"2024-11-19T05:56:41","slug":"staedtler-slenkanti-ir-besisukanti-liniuote-braizybai-skirta-a-4-ir-a-3-lentoms","status":"publish","type":"product","link":"https:\/\/menomuza.lt\/en\/product\/staedtler-slenkanti-ir-besisukanti-liniuote-braizybai-skirta-a-4-ir-a-3-lentoms\/","title":{"rendered":"Staedtler slenkanti ir besisukanti liniuot\u0117 brai\u017eybai (skirta A 4 ir A 3 lentoms)"},"content":{"rendered":"<p>Papildomos informacijos n\u0117ra.<\/p>\n","protected":false},"excerpt":{"rendered":"<p>Papildomos informacijos n\u0117ra.<\/p>\n","protected":false},"featured_media":66384,"template":"","meta":[],"product_brand":[],"product_cat":[8071],"product_tag":[],"class_list":{"0":"post-66354","1":"product","2":"type-product","3":"status-publish","4":"has-post-thumbnail","6":"product_cat-rotring-ir-staedtler-lentos-braizybai-braizyba-grafika","8":"first","9":"instock","10":"taxable","11":"shipping-taxable","12":"purchasable","13":"product-type-simple"},"_links":{"self":[{"href":"https:\/\/menomuza.lt\/en\/wp-json\/wp\/v2\/product\/66354","targetHints":{"allow":["GET"]}}],"collection":[{"href":"https:\/\/menomuza.lt\/en\/wp-json\/wp\/v2\/product"}],"about":[{"href":"https:\/\/menomuza.lt\/en\/wp-json\/wp\/v2\/types\/product"}],"wp:featuredmedia":[{"embeddable":true,"href":"https:\/\/menomuza.lt\/en\/wp-json\/wp\/v2\/media\/66384"}],"wp:attachment":[{"href":"https:\/\/menomuza.lt\/en\/wp-json\/wp\/v2\/media?parent=66354"}],"wp:term":[{"taxonomy":"product_brand","embeddable":true,"href":"https:\/\/menomuza.lt\/en\/wp-json\/wp\/v2\/product_brand?post=66354"},{"taxonomy":"product_cat","embeddable":true,"href":"https:\/\/menomuza.lt\/en\/wp-json\/wp\/v2\/product_cat?post=66354"},{"taxonomy":"product_tag","embeddable":true,"href":"https:\/\/menomuza.lt\/en\/wp-json\/wp\/v2\/product_tag?post=66354"}],"curies":[{"name":"wp","href":"https:\/\/api.w.org\/{rel}","templated":true}]}}