{"id":66934,"date":"2024-11-26T14:03:10","date_gmt":"2024-11-26T12:03:10","guid":{"rendered":"https:\/\/menomuza.lt\/?post_type=product&#038;p=66934"},"modified":"2026-04-07T09:36:21","modified_gmt":"2026-04-07T06:36:21","slug":"renesans-lakas-akvatintai-ir-retusui-100-ml-spirito-pagrindu","status":"publish","type":"product","link":"https:\/\/menomuza.lt\/en\/product\/renesans-lakas-akvatintai-ir-retusui-100-ml-spirito-pagrindu\/","title":{"rendered":"Renesans lakas akvatintai ir retu\u0161ui 100 ml spirito pagrindu"},"content":{"rendered":"<p>Lakas tur\u0117t\u0173 b\u016bti tepamas\u00a0plonais\u00a0sluoksniais, naudojant\u00a0teptuk\u0105.\u00a0Gali b\u016bti naudojamas\u00a0ir kaip\u00a0gruntas (pagrindas)\u00a0akvatintai\u00a0arba\u00a0retu\u0161avimo\u00a0lakas.<\/p>\n","protected":false},"excerpt":{"rendered":"<p>Lakas tur\u0117t\u0173 b\u016bti tepamas\u00a0plonais\u00a0sluoksniais, naudojant\u00a0teptuk\u0105.\u00a0Gali b\u016bti naudojamas\u00a0ir kaip\u00a0gruntas (pagrindas)\u00a0akvatintai\u00a0arba\u00a0retu\u0161avimo\u00a0lakas.<\/p>\n","protected":false},"featured_media":66935,"template":"","meta":[],"product_brand":[],"product_cat":[3783,3803,9414,9422],"product_tag":[],"class_list":{"0":"post-66934","1":"product","2":"type-product","3":"status-publish","4":"has-post-thumbnail","6":"product_cat-dazai","7":"product_cat-spaudos-dazai","8":"product_cat-edukacijoms","9":"product_cat-oforto-dirbtuves","11":"first","12":"instock","13":"taxable","14":"shipping-taxable","15":"purchasable","16":"product-type-simple"},"_links":{"self":[{"href":"https:\/\/menomuza.lt\/en\/wp-json\/wp\/v2\/product\/66934","targetHints":{"allow":["GET"]}}],"collection":[{"href":"https:\/\/menomuza.lt\/en\/wp-json\/wp\/v2\/product"}],"about":[{"href":"https:\/\/menomuza.lt\/en\/wp-json\/wp\/v2\/types\/product"}],"wp:featuredmedia":[{"embeddable":true,"href":"https:\/\/menomuza.lt\/en\/wp-json\/wp\/v2\/media\/66935"}],"wp:attachment":[{"href":"https:\/\/menomuza.lt\/en\/wp-json\/wp\/v2\/media?parent=66934"}],"wp:term":[{"taxonomy":"product_brand","embeddable":true,"href":"https:\/\/menomuza.lt\/en\/wp-json\/wp\/v2\/product_brand?post=66934"},{"taxonomy":"product_cat","embeddable":true,"href":"https:\/\/menomuza.lt\/en\/wp-json\/wp\/v2\/product_cat?post=66934"},{"taxonomy":"product_tag","embeddable":true,"href":"https:\/\/menomuza.lt\/en\/wp-json\/wp\/v2\/product_tag?post=66934"}],"curies":[{"name":"wp","href":"https:\/\/api.w.org\/{rel}","templated":true}]}}