{"id":69187,"date":"2025-02-26T09:12:49","date_gmt":"2025-02-26T07:12:49","guid":{"rendered":"https:\/\/menomuza.lt\/?post_type=product&#038;p=69187"},"modified":"2026-03-20T10:16:04","modified_gmt":"2026-03-20T08:16:04","slug":"daler-rowney-juodas-gruntas-500ml-2","status":"publish","type":"product","link":"https:\/\/menomuza.lt\/en\/product\/daler-rowney-juodas-gruntas-500ml-2\/","title":{"rendered":"Daler Rowney juodas gruntas 500ml"},"content":{"rendered":"<p><span class=\"HwtZe\" lang=\"lt\"><span class=\"jCAhz\"><span class=\"ryNqvb\">Produkto informacija:<\/span><\/span><\/span><\/p>\n<p><span class=\"HwtZe\" lang=\"lt\"><span class=\"jCAhz ChMk0b\"><span class=\"ryNqvb\">\u2023 Daler Rowney Artist Black Gesso Primer yra paruo\u0161tas, nereikia skiesti<\/span><\/span><span class=\"jCAhz\"><span class=\"ryNqvb\">.<\/span><\/span><\/span><\/p>\n<p><span class=\"HwtZe\" lang=\"lt\"><span class=\"jCAhz ChMk0b\"><span class=\"ryNqvb\">\u2023 Labai lipnus, idealiai tinka tiesioginiam vis\u0173 pusiau sugerian\u010di\u0173 pavir\u0161i\u0173 sandarinimui prie\u0161 dengiant\u00a0<\/span><\/span><span class=\"jCAhz ChMk0b\"><span class=\"ryNqvb\">spalv\u0105\u00a0<\/span><\/span><\/span><span class=\"HwtZe\" lang=\"lt\"><span class=\"jCAhz ChMk0b\"><span class=\"ryNqvb\">&#8211; puikiai tinka tiek akrilas, tiek aliejus.<\/span><\/span><\/span><\/p>\n<p><span class=\"HwtZe\" lang=\"lt\"><span class=\"jCAhz ChMk0b\"><span class=\"ryNqvb\">\u2023 Tinka naudoti tiek viduje, tiek i\u0161or\u0117je.<\/span><\/span><\/span><\/p>\n","protected":false},"excerpt":{"rendered":"<p>Produkto informacija: \u2023 Daler Rowney Artist Black Gesso Primer yra paruo\u0161tas, nereikia skiesti. \u2023 Labai lipnus, idealiai tinka tiesioginiam vis\u0173 pusiau sugerian\u010di\u0173 pavir\u0161i\u0173 sandarinimui prie\u0161 dengiant\u00a0spalv\u0105\u00a0&#8211; puikiai tinka tiek akrilas, tiek aliejus. \u2023 Tinka naudoti tiek viduje, tiek i\u0161or\u0117je.<\/p>\n","protected":false},"featured_media":69188,"template":"","meta":[],"product_brand":[],"product_cat":[3783,3814],"product_tag":[],"class_list":{"0":"post-69187","1":"product","2":"type-product","3":"status-publish","4":"has-post-thumbnail","6":"brand-daler-rowney","7":"product_cat-dazai","8":"product_cat-gruntai-geliai-reljefines-pastos","10":"first","11":"outofstock","12":"taxable","13":"shipping-taxable","14":"purchasable","15":"product-type-simple"},"_links":{"self":[{"href":"https:\/\/menomuza.lt\/en\/wp-json\/wp\/v2\/product\/69187","targetHints":{"allow":["GET"]}}],"collection":[{"href":"https:\/\/menomuza.lt\/en\/wp-json\/wp\/v2\/product"}],"about":[{"href":"https:\/\/menomuza.lt\/en\/wp-json\/wp\/v2\/types\/product"}],"wp:featuredmedia":[{"embeddable":true,"href":"https:\/\/menomuza.lt\/en\/wp-json\/wp\/v2\/media\/69188"}],"wp:attachment":[{"href":"https:\/\/menomuza.lt\/en\/wp-json\/wp\/v2\/media?parent=69187"}],"wp:term":[{"taxonomy":"product_brand","embeddable":true,"href":"https:\/\/menomuza.lt\/en\/wp-json\/wp\/v2\/product_brand?post=69187"},{"taxonomy":"product_cat","embeddable":true,"href":"https:\/\/menomuza.lt\/en\/wp-json\/wp\/v2\/product_cat?post=69187"},{"taxonomy":"product_tag","embeddable":true,"href":"https:\/\/menomuza.lt\/en\/wp-json\/wp\/v2\/product_tag?post=69187"}],"curies":[{"name":"wp","href":"https:\/\/api.w.org\/{rel}","templated":true}]}}