{"id":74311,"date":"2025-11-13T16:38:23","date_gmt":"2025-11-13T14:38:23","guid":{"rendered":"https:\/\/menomuza.lt\/?post_type=product&#038;p=74311"},"modified":"2026-03-17T17:14:28","modified_gmt":"2026-03-17T15:14:28","slug":"panpastel-ceruleumas-melynas-ypac-sviesus-530-8","status":"publish","type":"product","link":"https:\/\/menomuza.lt\/en\/product\/panpastel-ceruleumas-melynas-ypac-sviesus-530-8\/","title":{"rendered":"Panpastel ceruleumas m\u0117lynas ypa\u010d \u0161viesus 530.8"},"content":{"rendered":"<p>Kiekviena PanPastel spalva yra pagaminta i\u0161 geriausios kokyb\u0117s menini\u0173 pigment\u0173, kad spalvos b\u016bt\u0173 ypa\u010d koncentruotos ir gerai dengt\u0173si. \u0160i pastel\u0117 pagaminta naudojant nauj\u0105 ir unikal\u0173 gamybos b\u016bd\u0105, kuris leid\u017eia minimaliai naudoti ri\u0161iklius ir lakus, tod\u0117l gaunamos sodrios, itin \u0161velnios ir puikiai tarpusavyje mai\u0161omos spalvos. Vis\u0173 spalv\u0173 kokyb\u0117 ir atsparumas \u0161viesai atitinka AP (JAV) (patvirtinti kaip saug\u016bs produktai) ir ASTM D4236 (netoksi\u0161ki produktai) patvirtintus standartus.<\/p>\n<p>Spalvos kodas: 530.8<\/p>\n<p>Pigmentas: PW6, PB36<\/p>\n<p>Dengiamumas:<\/p>\n<p><iframe loading=\"lazy\" title=\"Apply dry color like paint [Introducing PanPastel\u00ae]\" width=\"500\" height=\"281\" src=\"https:\/\/www.youtube.com\/embed\/jMMi5hNvsRo?feature=oembed\" frameborder=\"0\" allow=\"accelerometer; autoplay; clipboard-write; encrypted-media; gyroscope; picture-in-picture; web-share\" referrerpolicy=\"strict-origin-when-cross-origin\" allowfullscreen><\/iframe><\/p>\n","protected":false},"excerpt":{"rendered":"<p>Kiekviena PanPastel spalva yra pagaminta i\u0161 geriausios kokyb\u0117s menini\u0173 pigment\u0173, kad spalvos b\u016bt\u0173 ypa\u010d koncentruotos ir gerai dengt\u0173si. \u0160i pastel\u0117 pagaminta naudojant nauj\u0105 ir unikal\u0173 gamybos b\u016bd\u0105, kuris leid\u017eia minimaliai naudoti ri\u0161iklius ir lakus, tod\u0117l gaunamos sodrios, itin \u0161velnios ir puikiai tarpusavyje mai\u0161omos spalvos. Vis\u0173 spalv\u0173 kokyb\u0117 ir atsparumas \u0161viesai atitinka AP (JAV) (patvirtinti kaip [&hellip;]<\/p>\n","protected":false},"featured_media":74312,"template":"","meta":[],"product_brand":[],"product_cat":[3830,3851],"product_tag":[],"class_list":{"0":"post-74311","1":"product","2":"type-product","3":"status-publish","4":"has-post-thumbnail","6":"brand-panpastel","7":"product_cat-pastele-piestukai-anglis","8":"product_cat-panpastel-minksta-pastele","10":"first","11":"instock","12":"taxable","13":"shipping-taxable","14":"purchasable","15":"product-type-simple"},"_links":{"self":[{"href":"https:\/\/menomuza.lt\/en\/wp-json\/wp\/v2\/product\/74311","targetHints":{"allow":["GET"]}}],"collection":[{"href":"https:\/\/menomuza.lt\/en\/wp-json\/wp\/v2\/product"}],"about":[{"href":"https:\/\/menomuza.lt\/en\/wp-json\/wp\/v2\/types\/product"}],"wp:featuredmedia":[{"embeddable":true,"href":"https:\/\/menomuza.lt\/en\/wp-json\/wp\/v2\/media\/74312"}],"wp:attachment":[{"href":"https:\/\/menomuza.lt\/en\/wp-json\/wp\/v2\/media?parent=74311"}],"wp:term":[{"taxonomy":"product_brand","embeddable":true,"href":"https:\/\/menomuza.lt\/en\/wp-json\/wp\/v2\/product_brand?post=74311"},{"taxonomy":"product_cat","embeddable":true,"href":"https:\/\/menomuza.lt\/en\/wp-json\/wp\/v2\/product_cat?post=74311"},{"taxonomy":"product_tag","embeddable":true,"href":"https:\/\/menomuza.lt\/en\/wp-json\/wp\/v2\/product_tag?post=74311"}],"curies":[{"name":"wp","href":"https:\/\/api.w.org\/{rel}","templated":true}]}}